{"id":3269,"date":"2021-11-19T12:30:05","date_gmt":"2021-11-19T11:30:05","guid":{"rendered":"https:\/\/restaurantcalfarre.com\/contacto\/"},"modified":"2025-09-23T20:19:58","modified_gmt":"2025-09-23T18:19:58","slug":"contacto","status":"publish","type":"page","link":"https:\/\/restaurantcalfarre.com\/es\/contacto\/","title":{"rendered":"Contacto"},"content":{"rendered":"<p><div id=\"chinese-food\" class=\"fusion-container-anchor\"><div class=\"fusion-fullwidth fullwidth-box fusion-builder-row-1 fusion-flex-container has-pattern-background has-mask-background fusion-parallax-none nonhundred-percent-fullwidth non-hundred-percent-height-scrolling lazyload\" style=\"--awb-border-radius-top-left:0px;--awb-border-radius-top-right:0px;--awb-border-radius-bottom-right:0px;--awb-border-radius-bottom-left:0px;--awb-padding-top-small:80px;--awb-padding-bottom-small:80px;--awb-margin-top:0px;--awb-margin-bottom:0px;--awb-background-image:linear-gradient(180deg, var(--awb-color8) 0%,hsla(var(--awb-color8-h),var(--awb-color8-s),var(--awb-color8-l),calc( var(--awb-color8-a) - 55% )) 100%);;--awb-background-size:cover;--awb-flex-wrap:wrap;\" data-bg=\"https:\/\/restaurantcalfarre.com\/wp-content\/uploads\/2025\/02\/DSC08517-scaled.jpg\" data-bg-gradient=\"linear-gradient(180deg, var(--awb-color8) 0%,hsla(var(--awb-color8-h),var(--awb-color8-s),var(--awb-color8-l),calc( var(--awb-color8-a) - 55% )) 100%)\" ><div class=\"fusion-builder-row fusion-row fusion-flex-align-items-flex-start fusion-flex-content-wrap\" style=\"max-width:1393.6px;margin-left: calc(-4% \/ 2 );margin-right: calc(-4% \/ 2 );\"><div class=\"fusion-layout-column fusion_builder_column fusion-builder-column-0 fusion_builder_column_1_1 1_1 fusion-flex-column\" style=\"--awb-bg-size:cover;--awb-width-large:100%;--awb-margin-top-large:0px;--awb-spacing-right-large:1.92%;--awb-margin-bottom-large:0px;--awb-spacing-left-large:1.92%;--awb-width-medium:100%;--awb-order-medium:0;--awb-spacing-right-medium:1.92%;--awb-spacing-left-medium:1.92%;--awb-width-small:100%;--awb-order-small:0;--awb-spacing-right-small:1.92%;--awb-spacing-left-small:1.92%;\"><div class=\"fusion-column-wrapper fusion-column-has-shadow fusion-flex-justify-content-flex-start fusion-content-layout-column\"><div class=\"fusion-title title fusion-title-1 fusion-sep-none fusion-title-center fusion-title-text fusion-title-size-one\" style=\"--awb-text-color:var(--awb-color1);--awb-margin-top:100px;--awb-margin-bottom:100px;\"><h1 class=\"fusion-title-heading title-heading-center\" style=\"margin:0;text-transform:none;\">Contacto<\/h1><\/div><\/div><\/div><\/div><\/div><\/div><div class=\"fusion-fullwidth fullwidth-box fusion-builder-row-2 fusion-flex-container nonhundred-percent-fullwidth non-hundred-percent-height-scrolling\" style=\"--awb-border-radius-top-left:0px;--awb-border-radius-top-right:0px;--awb-border-radius-bottom-right:0px;--awb-border-radius-bottom-left:0px;--awb-padding-right:0px;--awb-padding-left:0px;--awb-margin-top:100px;--awb-flex-wrap:wrap;\" ><div class=\"fusion-builder-row fusion-row fusion-flex-align-items-flex-start fusion-flex-content-wrap\" style=\"max-width:calc( 1340px + 0px );margin-left: calc(-0px \/ 2 );margin-right: calc(-0px \/ 2 );\"><div class=\"fusion-layout-column fusion_builder_column fusion-builder-column-1 fusion_builder_column_1_4 1_4 fusion-flex-column\" style=\"--awb-bg-size:cover;--awb-border-color:var(--awb-color3);--awb-border-style:solid;--awb-width-large:25%;--awb-margin-top-large:0px;--awb-spacing-right-large:0px;--awb-margin-bottom-large:0px;--awb-spacing-left-large:0px;--awb-width-medium:50%;--awb-order-medium:0;--awb-spacing-right-medium:0px;--awb-spacing-left-medium:0px;--awb-width-small:100%;--awb-order-small:0;--awb-spacing-right-small:0px;--awb-spacing-left-small:0px;\"><div class=\"fusion-column-wrapper fusion-column-has-shadow fusion-flex-justify-content-flex-start fusion-content-layout-column\"><i class=\"fb-icon-element-1 fb-icon-element fontawesome-icon caterer-location circle-yes\" style=\"--awb-iconcolor:var(--awb-color5);--awb-iconcolor-hover:var(--awb-color5);--awb-circlecolor:rgba(0,0,0,0);--awb-circlecolor-hover:rgba(0,0,0,0);--awb-circlebordercolor-hover:var(--awb-color7);--awb-circlebordersize:0px;--awb-font-size:80px;--awb-width:100px;--awb-height:100px;--awb-line-height:100px;--awb-margin-top:0;--awb-margin-right:0;--awb-margin-bottom:0;--awb-margin-left:0;--awb-align-self:center;\"><\/i><div class=\"fusion-text fusion-text-1\" style=\"--awb-content-alignment:center;--awb-text-transform:none;--awb-margin-right:20px;--awb-margin-left:20px;\"><p>Calle Mayor n\u00fam. 2.<br \/>\nVallfogona de Balaguer<\/p>\n<\/div><div style=\"text-align:center;\"><a class=\"fusion-button button-flat button-medium button-default fusion-button-default button-1 fusion-button-default-span fusion-button-default-type\" style=\"--button-border-radius-top-left:0;--button-border-radius-top-right:0;--button-border-radius-bottom-right:0;--button-border-radius-bottom-left:0;\" target=\"_blank\" rel=\"noopener noreferrer\" href=\"https:\/\/goo.gl\/maps\/z8z9NMJhDESjv8129\"><i class=\"fa-map-marked-alt fas button-icon-left\" aria-hidden=\"true\"><\/i><span class=\"fusion-button-text\">C\u00f3mo Llegar o Google Maps<\/span><\/a><\/div><\/div><\/div><div class=\"fusion-layout-column fusion_builder_column fusion-builder-column-2 fusion_builder_column_1_4 1_4 fusion-flex-column contacte-color fusion-column-inner-bg-wrapper\" style=\"--awb-inner-bg-size:cover;--awb-border-color:var(--awb-color3);--awb-border-right:1px;--awb-border-left:1px;--awb-border-style:solid;--awb-width-large:25%;--awb-margin-top-large:0px;--awb-spacing-right-large:0px;--awb-margin-bottom-large:0px;--awb-spacing-left-large:0px;--awb-width-medium:50%;--awb-order-medium:0;--awb-spacing-right-medium:0px;--awb-spacing-left-medium:0px;--awb-width-small:100%;--awb-order-small:0;--awb-spacing-right-small:0px;--awb-spacing-left-small:0px;\" data-motion-effects=\"[{&quot;type&quot;:&quot;&quot;,&quot;scroll_type&quot;:&quot;transition&quot;,&quot;scroll_direction&quot;:&quot;up&quot;,&quot;transition_speed&quot;:&quot;1&quot;,&quot;fade_type&quot;:&quot;in&quot;,&quot;scale_type&quot;:&quot;up&quot;,&quot;initial_scale&quot;:&quot;1&quot;,&quot;max_scale&quot;:&quot;1.5&quot;,&quot;min_scale&quot;:&quot;0.5&quot;,&quot;initial_rotate&quot;:&quot;0&quot;,&quot;end_rotate&quot;:&quot;30&quot;,&quot;initial_blur&quot;:&quot;0&quot;,&quot;end_blur&quot;:&quot;3&quot;,&quot;start_element&quot;:&quot;top&quot;,&quot;start_viewport&quot;:&quot;bottom&quot;,&quot;end_element&quot;:&quot;bottom&quot;,&quot;end_viewport&quot;:&quot;top&quot;,&quot;mouse_effect&quot;:&quot;track&quot;,&quot;mouse_effect_direction&quot;:&quot;opposite&quot;,&quot;mouse_effect_speed&quot;:&quot;2&quot;,&quot;infinite_animation&quot;:&quot;float&quot;,&quot;infinite_animation_speed&quot;:&quot;2&quot;}]\" data-scroll-devices=\"small-visibility,medium-visibility,large-visibility\"><span class=\"fusion-column-inner-bg hover-type-none\"><a class=\"fusion-column-anchor\" href=\"tel:973432037\"><span class=\"fusion-column-inner-bg-image\"><\/span><\/a><\/span><div class=\"fusion-column-wrapper fusion-column-has-shadow fusion-flex-justify-content-flex-start fusion-content-layout-column\"><a class=\"fb-icon-element-2 fb-icon-element fontawesome-icon caterer-phone circle-yes fusion-link contacte-icons\" style=\"--awb-iconcolor:var(--awb-color5);--awb-iconcolor-hover:var(--awb-color8);--awb-circlecolor:rgba(0,0,0,0);--awb-circlecolor-hover:rgba(0,0,0,0);--awb-circlebordercolor-hover:var(--awb-color7);--awb-circlebordersize:0px;--awb-font-size:80px;--awb-width:100px;--awb-height:100px;--awb-line-height:100px;--awb-margin-top:0;--awb-margin-right:0;--awb-margin-bottom:0;--awb-margin-left:0;--awb-align-self:center;\" href=\"tel:973432037\" aria-label=\"Link to tel:973432037\" target=\"_self\"><\/a><div class=\"fusion-text fusion-text-2\" style=\"--awb-content-alignment:center;--awb-text-transform:none;--awb-margin-right:20px;--awb-margin-left:20px;\"><p><b style=\"font-size: 27px;\" data-fusion-font=\"true\">973 43 20 37<\/b><br \/>\n645 89 09 89<\/p>\n<\/div><\/div><\/div><div class=\"fusion-layout-column fusion_builder_column fusion-builder-column-3 fusion_builder_column_1_4 1_4 fusion-flex-column contacte-color fusion-column-inner-bg-wrapper\" style=\"--awb-inner-bg-size:cover;--awb-border-color:var(--awb-color3);--awb-border-right:1px;--awb-border-style:solid;--awb-width-large:25%;--awb-margin-top-large:0px;--awb-spacing-right-large:0px;--awb-margin-bottom-large:0px;--awb-spacing-left-large:0px;--awb-width-medium:50%;--awb-order-medium:0;--awb-margin-top-medium:20px;--awb-spacing-right-medium:0px;--awb-spacing-left-medium:0px;--awb-width-small:100%;--awb-order-small:0;--awb-spacing-right-small:0px;--awb-spacing-left-small:0px;\" data-motion-effects=\"[{&quot;type&quot;:&quot;&quot;,&quot;scroll_type&quot;:&quot;transition&quot;,&quot;scroll_direction&quot;:&quot;up&quot;,&quot;transition_speed&quot;:&quot;1&quot;,&quot;fade_type&quot;:&quot;in&quot;,&quot;scale_type&quot;:&quot;up&quot;,&quot;initial_scale&quot;:&quot;1&quot;,&quot;max_scale&quot;:&quot;1.5&quot;,&quot;min_scale&quot;:&quot;0.5&quot;,&quot;initial_rotate&quot;:&quot;0&quot;,&quot;end_rotate&quot;:&quot;30&quot;,&quot;initial_blur&quot;:&quot;0&quot;,&quot;end_blur&quot;:&quot;3&quot;,&quot;start_element&quot;:&quot;top&quot;,&quot;start_viewport&quot;:&quot;bottom&quot;,&quot;end_element&quot;:&quot;bottom&quot;,&quot;end_viewport&quot;:&quot;top&quot;,&quot;mouse_effect&quot;:&quot;track&quot;,&quot;mouse_effect_direction&quot;:&quot;opposite&quot;,&quot;mouse_effect_speed&quot;:&quot;2&quot;,&quot;infinite_animation&quot;:&quot;float&quot;,&quot;infinite_animation_speed&quot;:&quot;2&quot;}]\" data-scroll-devices=\"small-visibility,medium-visibility,large-visibility\"><span class=\"fusion-column-inner-bg hover-type-none\"><a class=\"fusion-column-anchor\" href=\"mailto:restaurant@calfarre.com\"><span class=\"fusion-column-inner-bg-image\"><\/span><\/a><\/span><div class=\"fusion-column-wrapper fusion-column-has-shadow fusion-flex-justify-content-flex-start fusion-content-layout-column\"><a class=\"fb-icon-element-3 fb-icon-element fontawesome-icon caterer-email circle-yes fusion-link contacte-icons\" style=\"--awb-iconcolor:var(--awb-color5);--awb-iconcolor-hover:var(--awb-color8);--awb-circlecolor:rgba(0,0,0,0);--awb-circlecolor-hover:rgba(0,0,0,0);--awb-circlebordercolor-hover:var(--awb-color7);--awb-circlebordersize:0px;--awb-font-size:80px;--awb-width:100px;--awb-height:100px;--awb-line-height:100px;--awb-margin-top:0;--awb-margin-right:0;--awb-margin-bottom:0;--awb-margin-left:0;--awb-align-self:center;\" href=\"mailto:restaurant@calfarre.com\" aria-label=\"Link to mailto:restaurant@calfarre.com\" target=\"_self\"><\/a><div class=\"fusion-text fusion-text-3\" style=\"--awb-content-alignment:center;--awb-text-transform:none;--awb-text-color:var(--awb-color8);--awb-margin-right:20px;--awb-margin-left:20px;\"><p><a href=\"mailto:info@restaurantcalfarre.com\">info@restaurantcalfarre.com<\/a><\/p>\n<\/div><\/div><\/div><div class=\"fusion-layout-column fusion_builder_column fusion-builder-column-4 fusion_builder_column_1_4 1_4 fusion-flex-column\" style=\"--awb-bg-size:cover;--awb-width-large:25%;--awb-margin-top-large:0px;--awb-spacing-right-large:0px;--awb-margin-bottom-large:0px;--awb-spacing-left-large:0px;--awb-width-medium:50%;--awb-order-medium:0;--awb-margin-top-medium:20px;--awb-spacing-right-medium:0px;--awb-spacing-left-medium:0px;--awb-width-small:100%;--awb-order-small:0;--awb-spacing-right-small:0px;--awb-spacing-left-small:0px;\"><div class=\"fusion-column-wrapper fusion-column-has-shadow fusion-flex-justify-content-flex-start fusion-content-layout-column\"><i class=\"fb-icon-element-4 fb-icon-element fontawesome-icon caterer-clock circle-yes\" style=\"--awb-iconcolor:var(--awb-color5);--awb-iconcolor-hover:var(--awb-color5);--awb-circlecolor:rgba(0,0,0,0);--awb-circlecolor-hover:rgba(0,0,0,0);--awb-circlebordercolor-hover:var(--awb-color7);--awb-circlebordersize:0px;--awb-font-size:80px;--awb-width:100px;--awb-height:100px;--awb-line-height:100px;--awb-margin-top:0;--awb-margin-right:0;--awb-margin-bottom:0;--awb-margin-left:0;--awb-align-self:center;\"><\/i><div class=\"fusion-text fusion-text-4\" style=\"--awb-content-alignment:center;--awb-text-transform:none;--awb-margin-right:20px;--awb-margin-left:20px;\"><div class=\"fusion-li-item-content\">\n<p>Lunes-Viernes: 12.00h-16.00h<br \/>\nS\u00e1bado: 12.00h-17.00h<br \/>\n21:00h-22.30h<\/p>\n<p>Domingo: 12.00h-17.00h<br \/>\nMi\u00e9rcoles: fiesta semanal<\/p>\n<\/div>\n<\/div><\/div><\/div><\/div><\/div><div class=\"fusion-fullwidth fullwidth-box fusion-builder-row-3 fusion-flex-container nonhundred-percent-fullwidth non-hundred-percent-height-scrolling\" style=\"--awb-border-radius-top-left:0px;--awb-border-radius-top-right:0px;--awb-border-radius-bottom-right:0px;--awb-border-radius-bottom-left:0px;--awb-margin-top:100px;--awb-margin-bottom:100px;--awb-flex-wrap:wrap;\" ><div class=\"fusion-builder-row fusion-row fusion-flex-align-items-flex-start fusion-flex-content-wrap\" style=\"max-width:1393.6px;margin-left: calc(-4% \/ 2 );margin-right: calc(-4% \/ 2 );\"><div class=\"fusion-layout-column fusion_builder_column fusion-builder-column-5 fusion_builder_column_1_2 1_2 fusion-flex-column\" style=\"--awb-padding-right:80px;--awb-bg-size:cover;--awb-width-large:50%;--awb-margin-top-large:0px;--awb-spacing-right-large:3.84%;--awb-margin-bottom-large:0px;--awb-spacing-left-large:3.84%;--awb-width-medium:100%;--awb-order-medium:0;--awb-spacing-right-medium:1.92%;--awb-spacing-left-medium:1.92%;--awb-width-small:100%;--awb-order-small:0;--awb-spacing-right-small:1.92%;--awb-spacing-left-small:1.92%;\"><div class=\"fusion-column-wrapper fusion-column-has-shadow fusion-flex-justify-content-flex-start fusion-content-layout-column\"><div class=\"fusion-title title fusion-title-2 fusion-sep-none fusion-title-text fusion-title-size-two\" style=\"--awb-margin-top:0px;\"><h2 class=\"fusion-title-heading title-heading-left\" style=\"margin:0;text-transform:none;\">Cont\u00e1ctanos<\/h2><\/div><div class=\"fusion-text fusion-text-5 fusion-text-no-margin\" style=\"--awb-text-transform:none;--awb-margin-top:20px;--awb-margin-bottom:40px;\"><p>Contacta con nosotros a trav\u00e9s de este formulario para cualquier consulta. <strong>Las reservas \u00fanicamente se efectuar\u00e1n mediante tel\u00e9fono.<\/strong><\/p>\n<\/div>\n<div class=\"wpcf7 no-js\" id=\"wpcf7-f3320-o1\" lang=\"ca\" dir=\"ltr\">\n<div class=\"screen-reader-response\"><p role=\"status\" aria-live=\"polite\" aria-atomic=\"true\"><\/p> <ul><\/ul><\/div>\n<form action=\"\/es\/wp-json\/wp\/v2\/pages\/3269#wpcf7-f3320-o1\" method=\"post\" class=\"wpcf7-form init\" aria-label=\"Formulari de contacte\" novalidate=\"novalidate\" data-status=\"init\">\n<div style=\"display: none;\">\n<input type=\"hidden\" name=\"_wpcf7\" value=\"3320\" \/>\n<input type=\"hidden\" name=\"_wpcf7_version\" value=\"5.8\" \/>\n<input type=\"hidden\" name=\"_wpcf7_locale\" value=\"ca\" \/>\n<input type=\"hidden\" name=\"_wpcf7_unit_tag\" value=\"wpcf7-f3320-o1\" \/>\n<input type=\"hidden\" name=\"_wpcf7_container_post\" value=\"0\" \/>\n<input type=\"hidden\" name=\"_wpcf7_posted_data_hash\" value=\"\" \/>\n<input type=\"hidden\" name=\"_wpcf7_recaptcha_response\" value=\"\" \/>\n<\/div>\n<p><label> Nombre<br \/>\n<span class=\"wpcf7-form-control-wrap\" data-name=\"your-name\"><input size=\"40\" class=\"wpcf7-form-control wpcf7-text wpcf7-validates-as-required\" autocomplete=\"name\" aria-required=\"true\" aria-invalid=\"false\" value=\"\" type=\"text\" name=\"your-name\" \/><\/span> <\/label>\n<\/p>\n<p><label> Correo electr\u00f3nico<br \/>\n<span class=\"wpcf7-form-control-wrap\" data-name=\"your-email\"><input size=\"40\" class=\"wpcf7-form-control wpcf7-email wpcf7-validates-as-required wpcf7-text wpcf7-validates-as-email\" autocomplete=\"email\" aria-required=\"true\" aria-invalid=\"false\" value=\"\" type=\"email\" name=\"your-email\" \/><\/span> <\/label>\n<\/p>\n<p><label> Tel\u00e9fon<br \/>\n<span class=\"wpcf7-form-control-wrap\" data-name=\"tel-943\"><input size=\"40\" class=\"wpcf7-form-control wpcf7-tel wpcf7-validates-as-required wpcf7-text wpcf7-validates-as-tel\" aria-required=\"true\" aria-invalid=\"false\" value=\"\" type=\"tel\" name=\"tel-943\" \/><\/span> <\/label>\n<\/p>\n<p><label> Asunto<br \/>\n<span class=\"wpcf7-form-control-wrap\" data-name=\"your-subject\"><input size=\"40\" class=\"wpcf7-form-control wpcf7-text wpcf7-validates-as-required\" aria-required=\"true\" aria-invalid=\"false\" value=\"\" type=\"text\" name=\"your-subject\" \/><\/span> <\/label>\n<\/p>\n<p><label> El mensaje<br \/>\n<span class=\"wpcf7-form-control-wrap\" data-name=\"your-message\"><textarea cols=\"40\" rows=\"10\" class=\"wpcf7-form-control wpcf7-textarea wpcf7-validates-as-required\" aria-required=\"true\" aria-invalid=\"false\" name=\"your-message\"><\/textarea><\/span> <\/label>\n<\/p>\n<p><span class=\"wpcf7-form-control-wrap\" data-name=\"acceptance-134\"><span class=\"wpcf7-form-control wpcf7-acceptance\"><span class=\"wpcf7-list-item\"><label><input type=\"checkbox\" name=\"acceptance-134\" value=\"1\" aria-invalid=\"false\" \/><span class=\"wpcf7-list-item-label\">He le\u00eddo y acepto la <a href=\"\/es\/politica-privacitat\">Pol\u00edtica de Privacidad<\/span><\/label><\/span><\/span><\/span>\n<\/p>\n<p><input class=\"wpcf7-form-control wpcf7-submit has-spinner\" type=\"submit\" value=\"Enviar\" \/>\n<\/p><div class=\"fusion-alert alert custom alert-custom fusion-alert-center wpcf7-response-output awb-alert-native-link-color alert-dismissable awb-alert-close-boxed\" style=\"--awb-border-size:1px;--awb-border-top-left-radius:0px;--awb-border-top-right-radius:0px;--awb-border-bottom-left-radius:0px;--awb-border-bottom-right-radius:0px;\" role=\"alert\"><div class=\"fusion-alert-content-wrapper\"><span class=\"fusion-alert-content\"><\/span><\/div><button type=\"button\" class=\"close toggle-alert\" data-dismiss=\"alert\" aria-label=\"Close\">&times;<\/button><\/div>\n<\/form>\n<\/div>\n<\/div><\/div><div class=\"fusion-layout-column fusion_builder_column fusion-builder-column-6 fusion_builder_column_1_2 1_2 fusion-flex-column fusion-flex-align-self-stretch\" style=\"--awb-bg-position:center center;--awb-bg-size:cover;--awb-width-large:50%;--awb-margin-top-large:0px;--awb-spacing-right-large:3.84%;--awb-margin-bottom-large:0px;--awb-spacing-left-large:3.84%;--awb-width-medium:100%;--awb-order-medium:0;--awb-margin-top-medium:40px;--awb-spacing-right-medium:1.92%;--awb-spacing-left-medium:1.92%;--awb-width-small:100%;--awb-order-small:0;--awb-spacing-right-small:1.92%;--awb-spacing-left-small:1.92%;\"><div class=\"fusion-column-wrapper lazyload fusion-column-has-shadow fusion-flex-justify-content-center fusion-content-layout-column fusion-empty-column-bg-image fusion-column-has-bg-image\" data-bg-url=\"https:\/\/restaurantcalfarre.com\/wp-content\/uploads\/2023\/08\/img-contacte-cal-farre.jpg\" data-bg=\"https:\/\/restaurantcalfarre.com\/wp-content\/uploads\/2023\/08\/img-contacte-cal-farre.jpg\"><img decoding=\"async\" class=\"fusion-empty-dims-img-placeholder\" src=\"data:image\/svg+xml,%3Csvg%20xmlns%3D%27http%3A%2F%2Fwww.w3.org%2F2000%2Fsvg%27%20width%3D%271200%27%20height%3D%27800%27%20viewBox%3D%270%200%201200%20800%27%3E%3Crect%20width%3D%271200%27%20height%3D%27800%27%20fill-opacity%3D%220%22%2F%3E%3C%2Fsvg%3E\"><\/div><\/div><\/div><\/div><\/p>\n","protected":false},"excerpt":{"rendered":"","protected":false},"author":1,"featured_media":0,"parent":0,"menu_order":0,"comment_status":"closed","ping_status":"closed","template":"100-width.php","meta":{"footnotes":""},"class_list":["post-3269","page","type-page","status-publish","hentry"],"yoast_head":"<!-- This site is optimized with the Yoast SEO plugin v21.7 - https:\/\/yoast.com\/wordpress\/plugins\/seo\/ -->\n<title>Contacto - Restaurant Cal Farr\u00e9<\/title>\n<meta name=\"robots\" content=\"index, follow, max-snippet:-1, max-image-preview:large, max-video-preview:-1\" \/>\n<link rel=\"canonical\" href=\"https:\/\/restaurantcalfarre.com\/es\/contacto\/\" \/>\n<meta property=\"og:locale\" content=\"es_ES\" \/>\n<meta property=\"og:type\" content=\"article\" \/>\n<meta property=\"og:title\" content=\"Contacto - Restaurant Cal Farr\u00e9\" \/>\n<meta property=\"og:url\" content=\"https:\/\/restaurantcalfarre.com\/es\/contacto\/\" \/>\n<meta property=\"og:site_name\" content=\"Restaurant Cal Farr\u00e9\" \/>\n<meta property=\"article:modified_time\" content=\"2025-09-23T18:19:58+00:00\" \/>\n<meta name=\"twitter:card\" content=\"summary_large_image\" \/>\n<meta name=\"twitter:label1\" content=\"Tiempo de lectura\" \/>\n\t<meta name=\"twitter:data1\" content=\"1 minuto\" \/>\n<script type=\"application\/ld+json\" class=\"yoast-schema-graph\">{\"@context\":\"https:\/\/schema.org\",\"@graph\":[{\"@type\":\"WebPage\",\"@id\":\"https:\/\/restaurantcalfarre.com\/es\/contacto\/\",\"url\":\"https:\/\/restaurantcalfarre.com\/es\/contacto\/\",\"name\":\"Contacto - Restaurant Cal Farr\u00e9\",\"isPartOf\":{\"@id\":\"https:\/\/restaurantcalfarre.com\/#website\"},\"datePublished\":\"2021-11-19T11:30:05+00:00\",\"dateModified\":\"2025-09-23T18:19:58+00:00\",\"breadcrumb\":{\"@id\":\"https:\/\/restaurantcalfarre.com\/es\/contacto\/#breadcrumb\"},\"inLanguage\":\"es\",\"potentialAction\":[{\"@type\":\"ReadAction\",\"target\":[\"https:\/\/restaurantcalfarre.com\/es\/contacto\/\"]}]},{\"@type\":\"BreadcrumbList\",\"@id\":\"https:\/\/restaurantcalfarre.com\/es\/contacto\/#breadcrumb\",\"itemListElement\":[{\"@type\":\"ListItem\",\"position\":1,\"name\":\"Inici\",\"item\":\"https:\/\/restaurantcalfarre.com\/es\/\"},{\"@type\":\"ListItem\",\"position\":2,\"name\":\"Contacto\"}]},{\"@type\":\"WebSite\",\"@id\":\"https:\/\/restaurantcalfarre.com\/#website\",\"url\":\"https:\/\/restaurantcalfarre.com\/\",\"name\":\"Restaurant Cal Farr\u00e9\",\"description\":\"Cuina tradicional catalana, amb productes de qualitat sense oblidar les receptes tradicionals de la padrina Ramona adaptan-les als nous temps.\",\"potentialAction\":[{\"@type\":\"SearchAction\",\"target\":{\"@type\":\"EntryPoint\",\"urlTemplate\":\"https:\/\/restaurantcalfarre.com\/?s={search_term_string}\"},\"query-input\":\"required name=search_term_string\"}],\"inLanguage\":\"es\"}]}<\/script>\n<!-- \/ Yoast SEO plugin. -->","yoast_head_json":{"title":"Contacto - Restaurant Cal Farr\u00e9","robots":{"index":"index","follow":"follow","max-snippet":"max-snippet:-1","max-image-preview":"max-image-preview:large","max-video-preview":"max-video-preview:-1"},"canonical":"https:\/\/restaurantcalfarre.com\/es\/contacto\/","og_locale":"es_ES","og_type":"article","og_title":"Contacto - Restaurant Cal Farr\u00e9","og_url":"https:\/\/restaurantcalfarre.com\/es\/contacto\/","og_site_name":"Restaurant Cal Farr\u00e9","article_modified_time":"2025-09-23T18:19:58+00:00","twitter_card":"summary_large_image","twitter_misc":{"Tiempo de lectura":"1 minuto"},"schema":{"@context":"https:\/\/schema.org","@graph":[{"@type":"WebPage","@id":"https:\/\/restaurantcalfarre.com\/es\/contacto\/","url":"https:\/\/restaurantcalfarre.com\/es\/contacto\/","name":"Contacto - Restaurant Cal Farr\u00e9","isPartOf":{"@id":"https:\/\/restaurantcalfarre.com\/#website"},"datePublished":"2021-11-19T11:30:05+00:00","dateModified":"2025-09-23T18:19:58+00:00","breadcrumb":{"@id":"https:\/\/restaurantcalfarre.com\/es\/contacto\/#breadcrumb"},"inLanguage":"es","potentialAction":[{"@type":"ReadAction","target":["https:\/\/restaurantcalfarre.com\/es\/contacto\/"]}]},{"@type":"BreadcrumbList","@id":"https:\/\/restaurantcalfarre.com\/es\/contacto\/#breadcrumb","itemListElement":[{"@type":"ListItem","position":1,"name":"Inici","item":"https:\/\/restaurantcalfarre.com\/es\/"},{"@type":"ListItem","position":2,"name":"Contacto"}]},{"@type":"WebSite","@id":"https:\/\/restaurantcalfarre.com\/#website","url":"https:\/\/restaurantcalfarre.com\/","name":"Restaurant Cal Farr\u00e9","description":"Cuina tradicional catalana, amb productes de qualitat sense oblidar les receptes tradicionals de la padrina Ramona adaptan-les als nous temps.","potentialAction":[{"@type":"SearchAction","target":{"@type":"EntryPoint","urlTemplate":"https:\/\/restaurantcalfarre.com\/?s={search_term_string}"},"query-input":"required name=search_term_string"}],"inLanguage":"es"}]}},"_links":{"self":[{"href":"https:\/\/restaurantcalfarre.com\/es\/wp-json\/wp\/v2\/pages\/3269","targetHints":{"allow":["GET"]}}],"collection":[{"href":"https:\/\/restaurantcalfarre.com\/es\/wp-json\/wp\/v2\/pages"}],"about":[{"href":"https:\/\/restaurantcalfarre.com\/es\/wp-json\/wp\/v2\/types\/page"}],"author":[{"embeddable":true,"href":"https:\/\/restaurantcalfarre.com\/es\/wp-json\/wp\/v2\/users\/1"}],"replies":[{"embeddable":true,"href":"https:\/\/restaurantcalfarre.com\/es\/wp-json\/wp\/v2\/comments?post=3269"}],"version-history":[{"count":18,"href":"https:\/\/restaurantcalfarre.com\/es\/wp-json\/wp\/v2\/pages\/3269\/revisions"}],"predecessor-version":[{"id":4053,"href":"https:\/\/restaurantcalfarre.com\/es\/wp-json\/wp\/v2\/pages\/3269\/revisions\/4053"}],"wp:attachment":[{"href":"https:\/\/restaurantcalfarre.com\/es\/wp-json\/wp\/v2\/media?parent=3269"}],"curies":[{"name":"wp","href":"https:\/\/api.w.org\/{rel}","templated":true}]}}